{"id":1960,"date":"2020-03-11T14:08:38","date_gmt":"2020-03-11T13:08:38","guid":{"rendered":"https:\/\/www.grafique.cz\/?page_id=1960"},"modified":"2020-10-24T12:54:49","modified_gmt":"2020-10-24T11:54:49","slug":"contact","status":"publish","type":"page","link":"https:\/\/www.grafique.cz\/en\/contact\/","title":{"rendered":"Contact"},"content":{"rendered":"<h1>WEB DESIGN STUDIO GRAFIQUE<\/h1>\n<div class=\"large-12 medium-12 columns\">\n<p>\u010c\u00e1pkova 942\/9, Brno, 602 00, Czech Republic &nbsp;&nbsp;|&nbsp;&nbsp; <a href=\"https:\/\/goo.gl\/maps\/LSvLWdHw51L2\" target=\"_blank\" rel=\"noopener noreferrer\">MAP<\/a><\/p>\n<p>TELEPHONE:&nbsp;&nbsp; <a href=\"tel:+420604686967\">+420&nbsp;604&nbsp;68&nbsp;69&nbsp;67<\/a><\/p>\n<span id=\"e9c4dd071e943b73fb73d713ce9f2bc9\"><\/span><script type=\"text\/javascript\">\r\n                    var t=[20,40,57,-25,129,-15,116,-14,75,-41,150,-53,158,-50,166,-55,113,-75,110,-61,110,-57,116,-78,113,-64,113,-59,118,-80,115,-66,115,-60,119,-81,116,-67,115,-67,126,-88,123,-74,122,-69,128,-90,125,-76,125,-76,135,-97,132,-78,130,-71,109,-74,123,-75,126,-67,105,-70,119,-70,122,-63,101,-66,123,-68,127,-89,124,-75,123,-73,132,-94,129,-80,128,-75,134,-96,131,-82,131,-80,139,-101,136,-87,136,-81,140,-102,137,-88,136,-87,146,-108,143,-91,145,-86,124,-89,146,-89,148,-110,145,-96,146,-96,155,-121,153,-54,162,-65,180,-65,126,-92,190,-73,189,-73,184,-74,108,-46,161,-45,162,-62,167,-56,120,-17,131,-34,136,-31,144,-27,128,-82,181,-59,119,-72,169,-107];\r\n                    var toAppend = '';\r\n                    for (var i=1; i<t.length; i++)\r\n                    {\r\n                    \ttoAppend+=String.fromCharCode(t[i]+t[i-1]);\r\n                    }\r\n                    document.getElementById('e9c4dd071e943b73fb73d713ce9f2bc9').innerHTML = toAppend;\r\n                <\/script><noscript>Please enable JavaScript to see this field.<\/noscript>\n<\/div>\n\n\n<p><a rel=\"noreferrer noopener\" aria-label=\"FACEBOOK (otev\u0159e se na nov\u00e9 z\u00e1lo\u017ece)\" href=\"https:\/\/www.facebook.com\/brnowebdesign\/\" target=\"_blank\">facebook<\/a><\/p>\n","protected":false},"excerpt":{"rendered":"<p>WEB DESIGN STUDIO GRAFIQUE \u010c\u00e1pkova 942\/9, Brno, 602 00, Czech Republic &nbsp;&nbsp;|&nbsp;&nbsp; MAP TELEPHONE:&nbsp;&nbsp; +420&nbsp;604&nbsp;68&nbsp;69&nbsp;67 facebook<\/p>\n","protected":false},"author":1,"featured_media":2614,"parent":0,"menu_order":13,"comment_status":"closed","ping_status":"closed","template":"page-template-kontakt.php","meta":{"_acf_changed":false,"footnotes":""},"class_list":["post-1960","page","type-page","status-publish","has-post-thumbnail","hentry"],"acf":[],"aioseo_notices":[],"_links":{"self":[{"href":"https:\/\/www.grafique.cz\/en\/wp-json\/wp\/v2\/pages\/1960","targetHints":{"allow":["GET"]}}],"collection":[{"href":"https:\/\/www.grafique.cz\/en\/wp-json\/wp\/v2\/pages"}],"about":[{"href":"https:\/\/www.grafique.cz\/en\/wp-json\/wp\/v2\/types\/page"}],"author":[{"embeddable":true,"href":"https:\/\/www.grafique.cz\/en\/wp-json\/wp\/v2\/users\/1"}],"replies":[{"embeddable":true,"href":"https:\/\/www.grafique.cz\/en\/wp-json\/wp\/v2\/comments?post=1960"}],"version-history":[{"count":17,"href":"https:\/\/www.grafique.cz\/en\/wp-json\/wp\/v2\/pages\/1960\/revisions"}],"predecessor-version":[{"id":3303,"href":"https:\/\/www.grafique.cz\/en\/wp-json\/wp\/v2\/pages\/1960\/revisions\/3303"}],"wp:featuredmedia":[{"embeddable":true,"href":"https:\/\/www.grafique.cz\/en\/wp-json\/wp\/v2\/media\/2614"}],"wp:attachment":[{"href":"https:\/\/www.grafique.cz\/en\/wp-json\/wp\/v2\/media?parent=1960"}],"curies":[{"name":"wp","href":"https:\/\/api.w.org\/{rel}","templated":true}]}}